{"id":4522,"date":"2023-04-25T15:09:42","date_gmt":"2023-04-25T15:09:42","guid":{"rendered":"https:\/\/gokkusagi.k12.tr\/dilek-ve-oneri-formu\/"},"modified":"2023-10-18T08:12:10","modified_gmt":"2023-10-18T08:12:10","slug":"suggestion-request-form","status":"publish","type":"page","link":"https:\/\/gokkusagi.k12.tr\/en\/suggestion-request-form\/","title":{"rendered":"Suggestion &#038; Request Form"},"content":{"rendered":"\t\t<div data-elementor-type=\"wp-page\" data-elementor-id=\"4522\" class=\"elementor elementor-4522 elementor-18\" data-elementor-post-type=\"page\">\n\t\t\t\t\t\t<section class=\"elementor-section elementor-top-section elementor-element elementor-element-b981201 elementor-section-stretched elementor-section-boxed elementor-section-height-default elementor-section-height-default\" data-id=\"b981201\" data-element_type=\"section\" data-settings=\"{&quot;stretch_section&quot;:&quot;section-stretched&quot;,&quot;_ha_eqh_enable&quot;:false}\">\n\t\t\t\t\t\t<div class=\"elementor-container elementor-column-gap-default\">\n\t\t\t\t\t<div class=\"elementor-column elementor-col-100 elementor-top-column elementor-element elementor-element-466e2a8\" data-id=\"466e2a8\" data-element_type=\"column\" data-settings=\"{&quot;background_background&quot;:&quot;classic&quot;}\">\n\t\t\t<div class=\"elementor-widget-wrap elementor-element-populated\">\n\t\t\t\t\t\t<div class=\"elementor-element elementor-element-5744412 elementor-widget elementor-widget-heading\" data-id=\"5744412\" data-element_type=\"widget\" data-widget_type=\"heading.default\">\n\t\t\t\t<div class=\"elementor-widget-container\">\n\t\t\t<h2 class=\"elementor-heading-title elementor-size-default\">Suggestion & Request Form<\/h2>\t\t<\/div>\n\t\t\t\t<\/div>\n\t\t\t\t<div class=\"elementor-element elementor-element-a57ceec elementor-widget elementor-widget-text-editor\" data-id=\"a57ceec\" data-element_type=\"widget\" data-widget_type=\"text-editor.default\">\n\t\t\t\t<div class=\"elementor-widget-container\">\n\t\t\t\t\t\t\t<p><div id=\"quform-7b26af\" class=\"quform quform-3 quform-theme-light quform-support-page-caching quform-is-first-page\"><form id=\"quform-form-7b26af\" class=\"quform-form quform-form-3\" action=\"\/en\/wp-json\/wp\/v2\/pages\/4522#quform-7b26af\" method=\"post\" enctype=\"multipart\/form-data\" novalidate=\"novalidate\" data-options=\"{&quot;id&quot;:3,&quot;uniqueId&quot;:&quot;7b26af&quot;,&quot;theme&quot;:&quot;light&quot;,&quot;ajax&quot;:true,&quot;logic&quot;:{&quot;logic&quot;:[],&quot;dependents&quot;:[],&quot;elementIds&quot;:[],&quot;dependentElementIds&quot;:[],&quot;animate&quot;:true},&quot;currentPageId&quot;:1,&quot;errorsIcon&quot;:&quot;&quot;,&quot;updateFancybox&quot;:true,&quot;hasPages&quot;:true,&quot;pages&quot;:[1,3,5,7,36],&quot;pageProgressType&quot;:&quot;percentage&quot;,&quot;tooltipsEnabled&quot;:true,&quot;tooltipClasses&quot;:&quot;qtip-quform-dark qtip-shadow&quot;,&quot;tooltipMy&quot;:&quot;left center&quot;,&quot;tooltipAt&quot;:&quot;right center&quot;,&quot;isRtl&quot;:false,&quot;scrollOffset&quot;:-50,&quot;scrollSpeed&quot;:800}\"><button class=\"quform-default-submit\" name=\"quform_submit\" type=\"submit\" value=\"submit\" aria-hidden=\"true\" tabindex=\"-1\"><\/button><div class=\"quform-form-inner quform-form-inner-3\"><input type=\"hidden\" name=\"quform_form_id\" value=\"3\" \/><input type=\"hidden\" name=\"quform_form_uid\" value=\"7b26af\" \/><input type=\"hidden\" name=\"quform_count\" value=\"1\" \/><input type=\"hidden\" name=\"form_url\" value=\"https:\/\/gokkusagi.k12.tr\/en\/wp-json\/wp\/v2\/pages\/4522\" \/><input type=\"hidden\" name=\"referring_url\" value=\"\" \/><input type=\"hidden\" name=\"post_id\" value=\"\" \/><input type=\"hidden\" name=\"post_title\" value=\"\" \/><input type=\"hidden\" name=\"quform_current_page_id\" value=\"1\" \/><input type=\"hidden\" name=\"quform_csrf_token\" value=\"dlsPeLJ0d7C78nr1TcbKo2YcXnsCfUMIx2GMJ3AJ\" \/><div class=\"quform-form-title-description\"><h4 class=\"quform-form-title\">    <\/h4><\/div><div class=\"quform-elements quform-elements-3 quform-cf quform-responsive-elements-phone-landscape\"><div class=\"quform-page-progress quform-page-progress-type-percentage\"><div class=\"quform-page-progress-bar\" style=\"width: 20%;\"><span class=\"quform-page-progress-text\"><span class=\"quform-page-progress-percentage\">20<\/span>%<\/span><\/div><\/div><div class=\"quform-element quform-element-page quform-page-1 quform-page-3_1 quform-cf quform-group-style-bordered quform-first-page quform-current-page\"><div class=\"quform-child-elements\"><div class=\"quform-element quform-element-html quform-element-3_47 quform-cf\"><div class=\"quform-spacer\">Gokkusagi Koleji wants your children to be successful and happy. However, we recognize that there may be times when things go wrong, concerns persist, and disputes may arise. These can usually be resolved by speaking with the right person and alleviating most concerns.<br><br>\n\nIf you are unsatisfied with anything at school, take some time to think about it. Remember that there is often more than one perspective on an event or situation. Consider how you want to move forward with your complaint, hoping for the outcome you desire.<br><br>\n\nOur school aims to be fair, transparent, and honest when dealing with any complaint. All complaints are carefully considered and addressed as quickly as possible. It is our goal to resolve any complaint through dialogue and mutual understanding.<br><br><\/div><\/div><div class=\"quform-element quform-element-submit quform-element-3_48 quform-cf quform-button-style-theme quform-button-width-full\"><div class=\"quform-button-next quform-button-next-default quform-button-next-3_48 quform-button-icon-right\" data-animation=\"one\"><button name=\"quform_submit\" type=\"submit\" class=\"quform-next\" value=\"submit\"><span class=\"quform-button-text quform-button-next-text\">Next<\/span><span class=\"quform-button-icon quform-button-next-icon\"><i class=\"qicon-arrow_forward\"><\/i><\/span><\/button><\/div><div class=\"quform-loading quform-loading-position-over-button quform-loading-type-spinner-1\"><div class=\"quform-loading-inner\"><div class=\"quform-loading-spinner\"><div class=\"quform-loading-spinner-inner\"><\/div><\/div><\/div><\/div><\/div><\/div><\/div><div class=\"quform-element quform-element-page quform-page-3 quform-page-3_3 quform-cf quform-group-style-bordered\"><div class=\"quform-child-elements\"><div class=\"quform-element quform-element-html quform-element-3_50 quform-cf\"><div class=\"quform-spacer\"><strong><b>STAGE 1 (Informal)<\/b><\/strong><br>\n\n<span style=\"font-weight: 400;\">You should first speak face-to-face or over the phone with an appropriate member of our staff. The teacher, homeroom teacher, program coordinator, counselor, service manager, or admissions officer could be the suitable personnel at this stage. They will aim to provide a complete response to your concern\/complaint\/suggestion\/request within 5 working days.<\/span>\n\n<span style=\"font-weight: 400;\">If a satisfactory solution is not found in Stage 1, proceed to the Stage 2 below to make a formal complaint.<\/span>\n\n<br><strong><b>STAGE 2 (Formal)<\/b><\/strong><br>\n\n<span style=\"font-weight: 400;\">This form will be sent to the general manager, school principal, and academic director. (The information you provide will be kept confidential unless necessary to investigate and resolve your complaint.)<\/span><\/div><\/div><div class=\"quform-element quform-element-submit quform-element-3_52 quform-cf quform-button-style-theme quform-button-width-full\"><div class=\"quform-button-back quform-button-back-default quform-button-back-3_52 quform-button-icon-left\" data-animation=\"one\"><button name=\"quform_submit\" type=\"submit\" class=\"quform-back\" value=\"back\"><span class=\"quform-button-icon quform-button-back-icon\"><i class=\"qicon-arrow_back\"><\/i><\/span><span class=\"quform-button-text quform-button-back-text\">Back<\/span><\/button><\/div><div class=\"quform-button-next quform-button-next-default quform-button-next-3_52 quform-button-icon-right\" data-animation=\"one\"><button name=\"quform_submit\" type=\"submit\" class=\"quform-next\" value=\"submit\"><span class=\"quform-button-text quform-button-next-text\">Next<\/span><span class=\"quform-button-icon quform-button-next-icon\"><i class=\"qicon-arrow_forward\"><\/i><\/span><\/button><\/div><div class=\"quform-loading quform-loading-position-over-button quform-loading-type-spinner-1\"><div class=\"quform-loading-inner\"><div class=\"quform-loading-spinner\"><div class=\"quform-loading-spinner-inner\"><\/div><\/div><\/div><\/div><\/div><\/div><\/div><div class=\"quform-element quform-element-page quform-page-5 quform-page-3_5 quform-cf quform-group-style-bordered\"><div class=\"quform-child-elements\"><div class=\"quform-element quform-element-html quform-element-3_57 quform-cf\"><div class=\"quform-spacer\"><strong>Contact Information<\/strong><\/div><\/div><div class=\"quform-element quform-element-text quform-element-3_24 quform-cf quform-element-required\"><div class=\"quform-spacer\"><div class=\"quform-inner quform-inner-text quform-inner-3_24\"><div class=\"quform-input quform-input-text quform-input-3_24 quform-cf\"><input type=\"text\" id=\"quform_3_24_7b26af\" name=\"quform_3_24\" class=\"quform-field quform-field-text quform-field-3_24\" placeholder=\"Name Surname*\" \/><\/div><\/div><\/div><\/div><div class=\"quform-element quform-element-text quform-element-3_25 quform-cf quform-element-required\"><div class=\"quform-spacer\"><div class=\"quform-inner quform-inner-text quform-inner-3_25\"><div class=\"quform-input quform-input-text quform-input-3_25 quform-cf\"><input type=\"text\" id=\"quform_3_25_7b26af\" name=\"quform_3_25\" class=\"quform-field quform-field-text quform-field-3_25\" placeholder=\"Phone Number*\" \/><\/div><\/div><\/div><\/div><div class=\"quform-element quform-element-text quform-element-3_26 quform-cf quform-element-optional\"><div class=\"quform-spacer\"><div class=\"quform-inner quform-inner-text quform-inner-3_26\"><div class=\"quform-input quform-input-text quform-input-3_26 quform-cf\"><input type=\"text\" id=\"quform_3_26_7b26af\" name=\"quform_3_26\" class=\"quform-field quform-field-text quform-field-3_26\" placeholder=\"Whatsapp Number\" \/><\/div><\/div><\/div><\/div><div class=\"quform-element quform-element-email quform-element-3_27 quform-cf quform-element-required\"><div class=\"quform-spacer\"><div class=\"quform-inner quform-inner-email quform-inner-3_27\"><div class=\"quform-input quform-input-email quform-input-3_27 quform-cf\"><input type=\"email\" id=\"quform_3_27_7b26af\" name=\"quform_3_27\" class=\"quform-field quform-field-email quform-field-3_27\" placeholder=\"E-Mail Address*\" \/><\/div><\/div><\/div><\/div><div class=\"quform-element quform-element-text quform-element-3_28 quform-cf quform-element-required\"><div class=\"quform-spacer\"><div class=\"quform-inner quform-inner-text quform-inner-3_28\"><div class=\"quform-input quform-input-text quform-input-3_28 quform-cf\"><input type=\"text\" id=\"quform_3_28_7b26af\" name=\"quform_3_28\" class=\"quform-field quform-field-text quform-field-3_28\" placeholder=\"Address*\" \/><\/div><\/div><\/div><\/div><div class=\"quform-element quform-element-submit quform-element-3_53 quform-cf quform-button-style-theme quform-button-width-full\"><div class=\"quform-button-back quform-button-back-default quform-button-back-3_53 quform-button-icon-left\" data-animation=\"one\"><button name=\"quform_submit\" type=\"submit\" class=\"quform-back\" value=\"back\"><span class=\"quform-button-icon quform-button-back-icon\"><i class=\"qicon-arrow_back\"><\/i><\/span><span class=\"quform-button-text quform-button-back-text\">Back<\/span><\/button><\/div><div class=\"quform-button-next quform-button-next-default quform-button-next-3_53 quform-button-icon-right\" data-animation=\"one\"><button name=\"quform_submit\" type=\"submit\" class=\"quform-next\" value=\"submit\"><span class=\"quform-button-text quform-button-next-text\">Next<\/span><span class=\"quform-button-icon quform-button-next-icon\"><i class=\"qicon-arrow_forward\"><\/i><\/span><\/button><\/div><div class=\"quform-loading quform-loading-position-over-button quform-loading-type-spinner-1\"><div class=\"quform-loading-inner\"><div class=\"quform-loading-spinner\"><div class=\"quform-loading-spinner-inner\"><\/div><\/div><\/div><\/div><\/div><\/div><\/div><div class=\"quform-element quform-element-page quform-page-7 quform-page-3_7 quform-cf quform-group-style-bordered\"><div class=\"quform-child-elements\"><div class=\"quform-element quform-element-html quform-element-3_58 quform-cf\"><div class=\"quform-spacer\"><strong>Student Information<\/strong><\/div><\/div><div class=\"quform-element quform-element-text quform-element-3_29 quform-cf quform-element-optional\"><div class=\"quform-spacer\"><div class=\"quform-inner quform-inner-text quform-inner-3_29\"><div class=\"quform-input quform-input-text quform-input-3_29 quform-cf\"><input type=\"text\" id=\"quform_3_29_7b26af\" name=\"quform_3_29\" class=\"quform-field quform-field-text quform-field-3_29\" placeholder=\"Name*\" \/><\/div><\/div><\/div><\/div><div class=\"quform-element quform-element-text quform-element-3_30 quform-cf quform-element-optional\"><div class=\"quform-spacer\"><div class=\"quform-inner quform-inner-text quform-inner-3_30\"><div class=\"quform-input quform-input-text quform-input-3_30 quform-cf\"><input type=\"text\" id=\"quform_3_30_7b26af\" name=\"quform_3_30\" class=\"quform-field quform-field-text quform-field-3_30\" placeholder=\"Surname*\" \/><\/div><\/div><\/div><\/div><div class=\"quform-element quform-element-select quform-element-3_31 quform-cf quform-element-optional\"><div class=\"quform-spacer\"><div class=\"quform-inner quform-inner-select quform-inner-3_31\"><div class=\"quform-input quform-input-select quform-input-3_31 quform-cf\"><select id=\"quform_3_31_7b26af\" name=\"quform_3_31\" class=\"quform-field quform-field-select quform-field-3_31\"><option value=\"\" selected=\"selected\">Please choose campus<\/option><option value=\"Alacaatl\u0131 Ankara\">Alacaatl\u0131 Ankara<\/option><option value=\"Ata\u015fehir \u0130stanbul\">Ata\u015fehir \u0130stanbul<\/option><option value=\"Bah\u00e7elievler \u0130stanbul\">Bah\u00e7elievler \u0130stanbul<\/option><option value=\"Bah\u00e7e\u015fehir \u0130stanbul\">Bah\u00e7e\u015fehir \u0130stanbul<\/option><option value=\"Beylikd\u00fcz\u00fc \u0130stanbul\">Beylikd\u00fcz\u00fc \u0130stanbul<\/option><option value=\"\u00c7i\u011fli \u0130zmir\">\u00c7i\u011fli \u0130zmir<\/option><option value=\"\u00d6zl\u00fcce Bursa\">\u00d6zl\u00fcce Bursa<\/option><option value=\"Muratpa\u015fa Antalya\">Muratpa\u015fa Antalya<\/option><\/select><\/div><\/div><\/div><\/div><div class=\"quform-element quform-element-select quform-element-3_32 quform-cf quform-element-optional\"><div class=\"quform-spacer\"><div class=\"quform-inner quform-inner-select quform-inner-3_32\"><div class=\"quform-input quform-input-select quform-input-3_32 quform-cf\"><select id=\"quform_3_32_7b26af\" name=\"quform_3_32\" class=\"quform-field quform-field-select quform-field-3_32\"><option value=\"\" selected=\"selected\">Please choose level<\/option><option value=\"Kindergarten\">Kindergarten<\/option><option value=\"Primary School\">Primary School<\/option><option value=\"Middle School\">Middle School<\/option><option value=\"High School\">High School<\/option><\/select><\/div><\/div><\/div><\/div><div class=\"quform-element quform-element-select quform-element-3_33 quform-cf quform-element-optional\"><div class=\"quform-spacer\"><div class=\"quform-label quform-label-3_33\"><label class=\"quform-label-text\" for=\"quform_3_33_7b26af\">What is your concern\/complaint\/suggestion\/request?<\/label><\/div><div class=\"quform-inner quform-inner-select quform-inner-3_33\"><div class=\"quform-input quform-input-select quform-input-3_33 quform-cf\"><select id=\"quform_3_33_7b26af\" name=\"quform_3_33\" class=\"quform-field quform-field-select quform-field-3_33\"><option value=\"Management\">Management<\/option><option value=\"Admissions staff\">Admissions staff<\/option><option value=\"Evaluation\">Evaluation<\/option><option value=\"Restrooms\">Restrooms<\/option><option value=\"Books\">Books<\/option><option value=\"Bullying\">Bullying<\/option><option value=\"Bus services\">Bus services<\/option><option value=\"Canteen\">Canteen<\/option><option value=\"CAP\">CAP<\/option><option value=\"Dining hall (Breakfast)\">Dining hall (Breakfast)<\/option><option value=\"Dining hall (Lunch)\">Dining hall (Lunch)<\/option><option value=\"Classmates\">Classmates<\/option><option value=\"Communication\">Communication<\/option><option value=\"Counseling\">Counseling<\/option><option value=\"Curriculum (Topics)\">Curriculum (Topics)<\/option><option value=\"Data Protect\">Data Protect<\/option><option value=\"Discipline\">Discipline<\/option><option value=\"Discrimination\">Discrimination<\/option><option value=\"Exclusion\">Exclusion<\/option><option value=\"Trips\">Trips<\/option><option value=\"Abuse\">Abuse<\/option><option value=\"Homework\/Tasks\">Homework\/Tasks<\/option><option value=\"Hygiene\">Hygiene<\/option><option value=\"Internal management and Organization\">Internal management and Organization<\/option><option value=\"Laboratories\">Laboratories<\/option><option value=\"Library\">Library<\/option><option value=\"Parent-Teacher Meeting\">Parent-Teacher Meeting<\/option><option value=\"Properties\/Facilities\">Properties\/Facilities<\/option><option value=\"Student Health\">Student Health<\/option><option value=\"Charter\">Charter<\/option><option value=\"Safety\">Safety<\/option><option value=\"School calendar\">School calendar<\/option><option value=\"Special Educational Needs\">Special Educational Needs<\/option><option value=\"Lecturer\">Lecturer<\/option><option value=\"Teaching learning\">Teaching learning<\/option><option value=\"Uniforms\">Uniforms<\/option><option value=\"Weekly Timeline\">Weekly Timeline<\/option><option value=\"Other\">Other<\/option><\/select><\/div><\/div><\/div><\/div><div class=\"quform-element quform-element-select quform-element-3_35 quform-cf quform-element-optional\"><div class=\"quform-spacer\"><div class=\"quform-label quform-label-3_35\"><label class=\"quform-label-text\" for=\"quform_3_35_7b26af\">Have you previously contacted us regarding your concern\/complaint\/suggestion\/request? With whom? (please specify below)<\/label><\/div><div class=\"quform-inner quform-inner-select quform-inner-3_35\"><div class=\"quform-input quform-input-select quform-input-3_35 quform-cf\"><select id=\"quform_3_35_7b26af\" name=\"quform_3_35\" class=\"quform-field quform-field-select quform-field-3_35\"><option value=\"Class teacher\">Class teacher<\/option><option value=\"Counselor\">Counselor<\/option><option value=\"Program Coordinator\">Program Coordinator<\/option><option value=\"Assistant Principal\">Assistant Principal<\/option><option value=\"Principal\">Principal<\/option><option value=\"Other\">Other<\/option><\/select><\/div><\/div><\/div><\/div><div class=\"quform-element quform-element-submit quform-element-3_54 quform-cf quform-button-style-theme quform-button-width-full\"><div class=\"quform-button-back quform-button-back-default quform-button-back-3_54 quform-button-icon-left\" data-animation=\"one\"><button name=\"quform_submit\" type=\"submit\" class=\"quform-back\" value=\"back\"><span class=\"quform-button-icon quform-button-back-icon\"><i class=\"qicon-arrow_back\"><\/i><\/span><span class=\"quform-button-text quform-button-back-text\">Back<\/span><\/button><\/div><div class=\"quform-button-next quform-button-next-default quform-button-next-3_54 quform-button-icon-right\" data-animation=\"one\"><button name=\"quform_submit\" type=\"submit\" class=\"quform-next\" value=\"submit\"><span class=\"quform-button-text quform-button-next-text\">Next<\/span><span class=\"quform-button-icon quform-button-next-icon\"><i class=\"qicon-arrow_forward\"><\/i><\/span><\/button><\/div><div class=\"quform-loading quform-loading-position-over-button quform-loading-type-spinner-1\"><div class=\"quform-loading-inner\"><div class=\"quform-loading-spinner\"><div class=\"quform-loading-spinner-inner\"><\/div><\/div><\/div><\/div><\/div><\/div><\/div><div class=\"quform-element quform-element-page quform-page-36 quform-page-3_36 quform-cf quform-group-style-bordered quform-last-page\"><div class=\"quform-child-elements\"><div class=\"quform-element quform-element-textarea quform-element-3_43 quform-cf quform-element-optional\"><div class=\"quform-spacer\"><div class=\"quform-label quform-label-3_43\"><label class=\"quform-label-text\" for=\"quform_3_43_7b26af\">Please provide us with an outline of your concern\/complaint\/suggestion\/request. Add relevant dates\/details of any conversations\/statements you deem significant.<\/label><\/div><div class=\"quform-inner quform-inner-textarea quform-inner-3_43\"><div class=\"quform-input quform-input-textarea quform-input-3_43 quform-cf\"><textarea id=\"quform_3_43_7b26af\" name=\"quform_3_43\" class=\"quform-field quform-field-textarea quform-field-3_43\"><\/textarea><\/div><\/div><\/div><\/div><div class=\"quform-element quform-element-textarea quform-element-3_44 quform-cf quform-element-optional\"><div class=\"quform-spacer\"><div class=\"quform-label quform-label-3_44\"><label class=\"quform-label-text\" for=\"quform_3_44_7b26af\">How do you think this issue can be resolved?<\/label><\/div><div class=\"quform-inner quform-inner-textarea quform-inner-3_44\"><div class=\"quform-input quform-input-textarea quform-input-3_44 quform-cf\"><textarea id=\"quform_3_44_7b26af\" name=\"quform_3_44\" class=\"quform-field quform-field-textarea quform-field-3_44\"><\/textarea><\/div><\/div><\/div><\/div><div class=\"quform-element quform-element-checkbox quform-element-3_45 quform-cf quform-element-optional\"><div class=\"quform-spacer\"><div class=\"quform-inner quform-inner-checkbox quform-inner-3_45\"><div class=\"quform-input quform-input-checkbox quform-input-3_45 quform-cf\"><div class=\"quform-options quform-cf quform-options-block quform-options-simple\"><\/div><\/div><p class=\"quform-description quform-description-below\">The school will aim to provide a response to your concern\/complaint\/suggestion\/request within 5 working days from the receipt of this form.<\/p><\/div><\/div><\/div><div class=\"quform-element quform-element-checkbox quform-element-3_60 quform-cf quform-element-required\"><div class=\"quform-spacer\"><div class=\"quform-inner quform-inner-checkbox quform-inner-3_60\"><div class=\"quform-input quform-input-checkbox quform-input-3_60 quform-cf\"><div class=\"quform-options quform-cf quform-options-block quform-options-simple\"><div class=\"quform-option\"><input type=\"checkbox\" name=\"quform_3_60[]\" id=\"quform_3_60_7b26af_1\" class=\"quform-field quform-field-checkbox quform-field-3_60 quform-field-3_60_1\" value=\"By filling out our contact form, you are deemed to have accepted that your personal data will be stored on our servers located within Turkey and will be processed in accordance with the KVKK law.\" checked \/><label for=\"quform_3_60_7b26af_1\" class=\"quform-option-label quform-option-label-3_60_1\"><span class=\"quform-option-text\">By filling out our contact form, you are deemed to have accepted that your personal data will be stored on our servers located within Turkey and will be processed in accordance with the KVKK law.<\/span><\/label><\/div><\/div><\/div><\/div><\/div><\/div><div class=\"quform-element quform-element-submit quform-element-3_55 quform-cf quform-button-style-theme quform-button-width-full\"><div class=\"quform-button-back quform-button-back-default quform-button-back-3_55 quform-button-icon-left\" data-animation=\"one\"><button name=\"quform_submit\" type=\"submit\" class=\"quform-back\" value=\"back\"><span class=\"quform-button-icon quform-button-back-icon\"><i class=\"qicon-arrow_back\"><\/i><\/span><span class=\"quform-button-text quform-button-back-text\">Back<\/span><\/button><\/div><div class=\"quform-button-submit quform-button-submit-default quform-button-submit-3_55 quform-button-icon-right\" data-animation=\"one\"><button name=\"quform_submit\" type=\"submit\" class=\"quform-submit\" value=\"submit\"><span class=\"quform-button-text quform-button-submit-text\">Send<\/span><span class=\"quform-button-icon quform-button-submit-icon\"><i class=\"qicon-check\"><\/i><\/span><\/button><\/div><div class=\"quform-loading quform-loading-position-over-button quform-loading-type-spinner-1\"><div class=\"quform-loading-inner\"><div class=\"quform-loading-spinner\"><div class=\"quform-loading-spinner-inner\"><\/div><\/div><\/div><\/div><\/div><div class=\"quform-element-tree\"><label for=\"quform_3_0_7b26af\">This field should be left blank<\/label><input type=\"text\" id=\"quform_3_0_7b26af\" name=\"quform_3_0\" class=\"quform-field quform-field-tree quform-field-3_0\" tabindex=\"-1\" autocomplete=\"off\" \/><\/div><\/div><\/div><\/div><\/div><\/form><\/div><\/p>\t\t\t\t\t\t<\/div>\n\t\t\t\t<\/div>\n\t\t\t\t\t<\/div>\n\t\t<\/div>\n\t\t\t\t\t<\/div>\n\t\t<\/section>\n\t\t\t\t<\/div>\n\t\t","protected":false},"excerpt":{"rendered":"<p>Suggestion &#038; Request Form<\/p>\n","protected":false},"author":1,"featured_media":0,"parent":0,"menu_order":0,"comment_status":"closed","ping_status":"closed","template":"","meta":{"_acf_changed":false,"footnotes":""},"class_list":["post-4522","page","type-page","status-publish","hentry"],"acf":[],"_links":{"self":[{"href":"https:\/\/gokkusagi.k12.tr\/en\/wp-json\/wp\/v2\/pages\/4522","targetHints":{"allow":["GET"]}}],"collection":[{"href":"https:\/\/gokkusagi.k12.tr\/en\/wp-json\/wp\/v2\/pages"}],"about":[{"href":"https:\/\/gokkusagi.k12.tr\/en\/wp-json\/wp\/v2\/types\/page"}],"author":[{"embeddable":true,"href":"https:\/\/gokkusagi.k12.tr\/en\/wp-json\/wp\/v2\/users\/1"}],"replies":[{"embeddable":true,"href":"https:\/\/gokkusagi.k12.tr\/en\/wp-json\/wp\/v2\/comments?post=4522"}],"version-history":[{"count":0,"href":"https:\/\/gokkusagi.k12.tr\/en\/wp-json\/wp\/v2\/pages\/4522\/revisions"}],"wp:attachment":[{"href":"https:\/\/gokkusagi.k12.tr\/en\/wp-json\/wp\/v2\/media?parent=4522"}],"curies":[{"name":"wp","href":"https:\/\/api.w.org\/{rel}","templated":true}]}}