{"id":3509,"date":"2023-04-25T15:07:09","date_gmt":"2023-04-25T12:07:09","guid":{"rendered":"https:\/\/gokkusagi.k12.tr\/hakkimizda\/"},"modified":"2026-02-20T17:10:35","modified_gmt":"2026-02-20T14:10:35","slug":"about-us","status":"publish","type":"page","link":"https:\/\/gokkusagi.k12.tr\/en\/about-us\/","title":{"rendered":"About Us"},"content":{"rendered":"\t\t<div data-elementor-type=\"wp-page\" data-elementor-id=\"3509\" class=\"elementor elementor-3509 elementor-13\" data-elementor-post-type=\"page\">\n\t\t\t\t\t\t<section class=\"elementor-section elementor-top-section elementor-element elementor-element-cf5d120 elementor-section-stretched elementor-section-boxed elementor-section-height-default elementor-section-height-default\" data-id=\"cf5d120\" data-element_type=\"section\" id=\"founder\" data-settings=\"{&quot;stretch_section&quot;:&quot;section-stretched&quot;,&quot;background_background&quot;:&quot;classic&quot;,&quot;_ha_eqh_enable&quot;:false}\">\n\t\t\t\t\t\t<div class=\"elementor-container elementor-column-gap-default\">\n\t\t\t\t\t<div class=\"elementor-column elementor-col-50 elementor-top-column elementor-element elementor-element-851feaf\" data-id=\"851feaf\" data-element_type=\"column\">\n\t\t\t<div class=\"elementor-widget-wrap elementor-element-populated\">\n\t\t\t\t\t\t<div class=\"elementor-element elementor-element-6b002e0 elementor-widget elementor-widget-image\" data-id=\"6b002e0\" data-element_type=\"widget\" data-widget_type=\"image.default\">\n\t\t\t\t<div class=\"elementor-widget-container\">\n\t\t\t\t\t\t\t\t\t\t\t\t\t<img loading=\"lazy\" decoding=\"async\" width=\"220\" height=\"512\" src=\"https:\/\/gokkusagi.k12.tr\/wp-content\/uploads\/2023\/04\/Abdulkadir-Gayretli.jpg\" class=\"attachment-full size-full wp-image-2044\" alt=\"\" srcset=\"https:\/\/gokkusagi.k12.tr\/wp-content\/uploads\/2023\/04\/Abdulkadir-Gayretli.jpg 220w, https:\/\/gokkusagi.k12.tr\/wp-content\/uploads\/2023\/04\/Abdulkadir-Gayretli-129x300.jpg 129w, https:\/\/gokkusagi.k12.tr\/wp-content\/uploads\/2023\/04\/Abdulkadir-Gayretli-63x146.jpg 63w, https:\/\/gokkusagi.k12.tr\/wp-content\/uploads\/2023\/04\/Abdulkadir-Gayretli-21x50.jpg 21w, https:\/\/gokkusagi.k12.tr\/wp-content\/uploads\/2023\/04\/Abdulkadir-Gayretli-32x75.jpg 32w\" sizes=\"auto, (max-width: 220px) 100vw, 220px\" title=\"\">\t\t\t\t\t\t\t\t\t\t\t\t\t<\/div>\n\t\t\t\t<\/div>\n\t\t\t\t\t<\/div>\n\t\t<\/div>\n\t\t\t\t<div class=\"elementor-column elementor-col-50 elementor-top-column elementor-element elementor-element-f7579ae\" data-id=\"f7579ae\" data-element_type=\"column\">\n\t\t\t<div class=\"elementor-widget-wrap elementor-element-populated\">\n\t\t\t\t\t\t<div class=\"elementor-element elementor-element-eb4004c elementor-widget elementor-widget-text-editor\" data-id=\"eb4004c\" data-element_type=\"widget\" data-widget_type=\"text-editor.default\">\n\t\t\t\t<div class=\"elementor-widget-container\">\n\t\t\t\t\t\t\t<h1 class=\"vc_custom_heading us_custom_690cec31\">FOUNDER&#8217;S MESSAGE<\/h1><div class=\"wpb_text_column\"><div class=\"wpb_wrapper\"><p>For a quarter of a century, Gokkusagi Schools have been committed to education, deeply recognizing its pivotal role in shaping the transformation of individuals, societies, and the world. We bear the awareness that genuine progress can only be achieved through education.<\/p><p>With our 29 years of experience and boundless enthusiasm, we provide a student-centered, internationally standard, and comprehensive education for our children to discover and surpass themselves, equipping them with the confidence and knowledge to pioneer the development of our nation and the world.<\/p><p>Our experienced team, comprised of both Turkish and foreign educators who share our sense of responsibility and excitement, caters to the unique needs of our students by offering avenues for them to showcase their talents. They conduct extensive programs to ensure our students&#8217; holistic development in cognitive, physical, emotional, and social aspects.<\/p><p>Our accomplishments in mathematics, natural sciences, ICT, social sciences; our achievements in olympiads, artistic and athletic competitions; our internationally-standardized foreign language proficiency; our community service and social responsibility projects; our rich library and e-resources, science, engineering, computing, and technology labs make us believe we stand among the distinguished global schools. We continue our efforts, raising our goals day by day.<\/p><p>I wish success to all teachers and students of Gokkusagi Schools.<\/p><p><b>Chairman of the Board<\/b><\/p><p><img loading=\"lazy\" decoding=\"async\" class=\"alignnone wp-image-524 size-medium\" src=\"https:\/\/gokkusagi.k12.tr\/wp-content\/uploads\/2023\/04\/Abdulkadir-Gayretli-Imza-300x68.png\" alt=\"\" width=\"300\" height=\"68\" title=\"\" srcset=\"https:\/\/gokkusagi.k12.tr\/wp-content\/uploads\/2023\/04\/Abdulkadir-Gayretli-Imza-300x68.png 300w, https:\/\/gokkusagi.k12.tr\/wp-content\/uploads\/2023\/04\/Abdulkadir-Gayretli-Imza-260x59.png 260w, https:\/\/gokkusagi.k12.tr\/wp-content\/uploads\/2023\/04\/Abdulkadir-Gayretli-Imza-50x11.png 50w, https:\/\/gokkusagi.k12.tr\/wp-content\/uploads\/2023\/04\/Abdulkadir-Gayretli-Imza-150x34.png 150w, https:\/\/gokkusagi.k12.tr\/wp-content\/uploads\/2023\/04\/Abdulkadir-Gayretli-Imza.png 377w\" sizes=\"auto, (max-width: 300px) 100vw, 300px\" \/><\/p><\/div><\/div>\t\t\t\t\t\t<\/div>\n\t\t\t\t<\/div>\n\t\t\t\t\t<\/div>\n\t\t<\/div>\n\t\t\t\t\t<\/div>\n\t\t<\/section>\n\t\t\t\t<section class=\"elementor-section elementor-top-section elementor-element elementor-element-4c291a0 elementor-section-stretched elementor-section-boxed elementor-section-height-default elementor-section-height-default\" data-id=\"4c291a0\" data-element_type=\"section\" id=\"about\" data-settings=\"{&quot;stretch_section&quot;:&quot;section-stretched&quot;,&quot;background_background&quot;:&quot;classic&quot;,&quot;_ha_eqh_enable&quot;:false}\">\n\t\t\t\t\t\t<div class=\"elementor-container elementor-column-gap-default\">\n\t\t\t\t\t<div class=\"elementor-column elementor-col-50 elementor-top-column elementor-element elementor-element-9c48051\" data-id=\"9c48051\" data-element_type=\"column\">\n\t\t\t<div class=\"elementor-widget-wrap elementor-element-populated\">\n\t\t\t\t\t\t<div class=\"elementor-element elementor-element-2bdd757 ha-align-left ha-layout-inline elementor-widget elementor-widget-ha-advanced-heading happy-addon ha-advanced-heading happy-addon-pro\" data-id=\"2bdd757\" data-element_type=\"widget\" data-widget_type=\"ha-advanced-heading.default\">\n\t\t\t\t<div class=\"elementor-widget-container\">\n\t\t\t\n\t\t<h2 class=\"ha-advanced-heading-tag\">\n\t\t\t\t\t\t<div class=\"ha-advanced-heading-wrap\" data-background-text=\"\">\n\t\t\t\t<span class=\"ha-advanced-heading-before\">About Us<\/span>\n\t\t\t\t<span class=\"ha-advanced-heading-center\"><\/span>\n\t\t\t\t<span class=\"ha-advanced-heading-after\"><\/span>\n\t\t\t\t<span class=\"ha-advanced-heading-border\"><\/span>\n\t\t\t<\/div>\n\t\t\t\t\t<\/h2>\n\n\t\t\t\t<\/div>\n\t\t\t\t<\/div>\n\t\t\t\t<div class=\"elementor-element elementor-element-ba4e3f9 elementor-widget elementor-widget-text-editor\" data-id=\"ba4e3f9\" data-element_type=\"widget\" data-widget_type=\"text-editor.default\">\n\t\t\t\t<div class=\"elementor-widget-container\">\n\t\t\t\t\t\t\t<p>Since its establishment in 1997, Gokkusagi Schools aims to educate the leading world citizens of the 21st century at national and international levels, both in social and cultural fields, with the vision of \u201cBeing a World School\u201d\u201d aiming for excellence in education. With this aim, it offers academically challenging and rewarding international programs focusing on the development of its students\u2018 intellectual, social, emotional and individual abilities.<\/p><p>It carries out challenging studies so that the students can learn how to overcome the challenges they will face in their lives and fulfi ll their responsibilities easily, thus enabling them to proactively participate in local and global community as respectful, open-minded, caring, and tolerant individuals who contribute to their environment and the world.<\/p><p>For more than 25 years, Gokkusagi Schools have gained the quality of being one of the leading and established educational institutions of our country with its quality education, continuously raising the standards and realizing its vision in the fi eld of education as a respected school.<\/p><p>Its name has been well-known in our country and internationally with the awards and achievements such as the \u201cTUBITAK National and International Mathematics Olympiads\u201d, National and International Computer Web Design \u2013 Project Olympiads, National and International Social Responsibility projects, \u201cInternational Cambridge English exams\u201d, and the \u201cQuality Team of the Year\u201d award of the Ministry of Turkish National Education.<\/p><p>Gokkusagi Schools\u00a0Bahcelievler campus\u00a0has become an authorized IBDP (International Baccalaureate Diploma Program) World School in 2015 and the Bahcesehir, Bahcelievler and Atasehir campuses are authorized IB PYP schools and are continuing their educational journey to excellence with the IB standards and practices.<\/p><p>Gokkusagi Schools, which was the first Cambridge International School approved by the Ministry of Education and Cambridge Assessment International Education at primary and lower-secondary school level in 2014, and the second International Cambridge school at\u00a0high school\u00a0level, took its place among the most distinguished schools in the world.<\/p><p>We have Bahcelievler, Beylikduzu and Bahcesehir campuses in the European side of Istanbul and Atasehir campus in the Asian side. Beside Istanbul we are spread around Turkey, having campuses in Izmir, Bursa, Antalya and Ankara.<\/p>\t\t\t\t\t\t<\/div>\n\t\t\t\t<\/div>\n\t\t\t\t\t<\/div>\n\t\t<\/div>\n\t\t\t\t<div class=\"elementor-column elementor-col-50 elementor-top-column elementor-element elementor-element-f9ef027\" data-id=\"f9ef027\" data-element_type=\"column\">\n\t\t\t<div class=\"elementor-widget-wrap elementor-element-populated\">\n\t\t\t\t\t\t<div class=\"elementor-element elementor-element-df879c6 elementor-widget elementor-widget-image\" data-id=\"df879c6\" data-element_type=\"widget\" data-widget_type=\"image.default\">\n\t\t\t\t<div class=\"elementor-widget-container\">\n\t\t\t\t\t\t\t\t\t\t\t\t\t<img loading=\"lazy\" decoding=\"async\" width=\"340\" height=\"512\" src=\"https:\/\/gokkusagi.k12.tr\/wp-content\/uploads\/2023\/04\/Hakkimizda.jpg\" class=\"attachment-large size-large wp-image-2049\" alt=\"\" srcset=\"https:\/\/gokkusagi.k12.tr\/wp-content\/uploads\/2023\/04\/Hakkimizda.jpg 340w, https:\/\/gokkusagi.k12.tr\/wp-content\/uploads\/2023\/04\/Hakkimizda-199x300.jpg 199w, https:\/\/gokkusagi.k12.tr\/wp-content\/uploads\/2023\/04\/Hakkimizda-97x146.jpg 97w, https:\/\/gokkusagi.k12.tr\/wp-content\/uploads\/2023\/04\/Hakkimizda-33x50.jpg 33w, https:\/\/gokkusagi.k12.tr\/wp-content\/uploads\/2023\/04\/Hakkimizda-50x75.jpg 50w\" sizes=\"auto, (max-width: 340px) 100vw, 340px\" title=\"\">\t\t\t\t\t\t\t\t\t\t\t\t\t<\/div>\n\t\t\t\t<\/div>\n\t\t\t\t\t<\/div>\n\t\t<\/div>\n\t\t\t\t\t<\/div>\n\t\t<\/section>\n\t\t\t\t<section class=\"elementor-section elementor-top-section elementor-element elementor-element-8517856 elementor-section-stretched elementor-section-content-top elementor-section-boxed elementor-section-height-default elementor-section-height-default\" data-id=\"8517856\" data-element_type=\"section\" id=\"mission\" data-settings=\"{&quot;stretch_section&quot;:&quot;section-stretched&quot;,&quot;background_background&quot;:&quot;classic&quot;,&quot;_ha_eqh_enable&quot;:false}\">\n\t\t\t\t\t\t<div class=\"elementor-container elementor-column-gap-default\">\n\t\t\t\t\t<div class=\"elementor-column elementor-col-50 elementor-top-column elementor-element elementor-element-59606d3\" data-id=\"59606d3\" data-element_type=\"column\">\n\t\t\t<div class=\"elementor-widget-wrap elementor-element-populated\">\n\t\t\t\t\t\t<div class=\"elementor-element elementor-element-6b37d16 elementor-widget elementor-widget-image\" data-id=\"6b37d16\" data-element_type=\"widget\" data-widget_type=\"image.default\">\n\t\t\t\t<div class=\"elementor-widget-container\">\n\t\t\t\t\t\t\t\t\t\t\t\t\t<img loading=\"lazy\" decoding=\"async\" width=\"365\" height=\"550\" src=\"https:\/\/gokkusagi.k12.tr\/wp-content\/uploads\/2023\/04\/misyon_vizyon.webp\" class=\"attachment-full size-full wp-image-2045\" alt=\"\" srcset=\"https:\/\/gokkusagi.k12.tr\/wp-content\/uploads\/2023\/04\/misyon_vizyon.webp 365w, https:\/\/gokkusagi.k12.tr\/wp-content\/uploads\/2023\/04\/misyon_vizyon-199x300.webp 199w, https:\/\/gokkusagi.k12.tr\/wp-content\/uploads\/2023\/04\/misyon_vizyon-97x146.webp 97w, https:\/\/gokkusagi.k12.tr\/wp-content\/uploads\/2023\/04\/misyon_vizyon-33x50.webp 33w, https:\/\/gokkusagi.k12.tr\/wp-content\/uploads\/2023\/04\/misyon_vizyon-50x75.webp 50w\" sizes=\"auto, (max-width: 365px) 100vw, 365px\" title=\"\">\t\t\t\t\t\t\t\t\t\t\t\t\t<\/div>\n\t\t\t\t<\/div>\n\t\t\t\t\t<\/div>\n\t\t<\/div>\n\t\t\t\t<div class=\"elementor-column elementor-col-50 elementor-top-column elementor-element elementor-element-c9707df\" data-id=\"c9707df\" data-element_type=\"column\">\n\t\t\t<div class=\"elementor-widget-wrap elementor-element-populated\">\n\t\t\t\t\t\t<div class=\"elementor-element elementor-element-7a6e620 ha-align-left ha-layout-inline elementor-widget elementor-widget-ha-advanced-heading happy-addon ha-advanced-heading happy-addon-pro\" data-id=\"7a6e620\" data-element_type=\"widget\" data-widget_type=\"ha-advanced-heading.default\">\n\t\t\t\t<div class=\"elementor-widget-container\">\n\t\t\t\n\t\t<h2 class=\"ha-advanced-heading-tag\">\n\t\t\t\t\t\t<div class=\"ha-advanced-heading-wrap\" data-background-text=\"\">\n\t\t\t\t<span class=\"ha-advanced-heading-before\">Mission And Vision<\/span>\n\t\t\t\t<span class=\"ha-advanced-heading-center\"><\/span>\n\t\t\t\t<span class=\"ha-advanced-heading-after\"><\/span>\n\t\t\t\t<span class=\"ha-advanced-heading-border\"><\/span>\n\t\t\t<\/div>\n\t\t\t\t\t<\/h2>\n\n\t\t\t\t<\/div>\n\t\t\t\t<\/div>\n\t\t\t\t<div class=\"elementor-element elementor-element-54901fe elementor-widget elementor-widget-text-editor\" data-id=\"54901fe\" data-element_type=\"widget\" data-widget_type=\"text-editor.default\">\n\t\t\t\t<div class=\"elementor-widget-container\">\n\t\t\t\t\t\t\t<h5><span style=\"color: #2b2c36;\">Our Mission<\/span><\/h5>\n<p>G\u00f6kku\u015fa\u011f\u0131 Schools offer academically challenging and rewarding international\nprogrammes focusing on the cultivation of individual talents and intellectual, social\nand emotional development.\nAt G\u00f6kku\u015fa\u011f\u0131 Schools, through a student-centered and balanced education we\naim to develop inquiring, knowledgeable and self-confident lifelong learners who are \nhonest and equipped with universal values and intercultural understanding to create\na peaceful world.\nWe inspire students to be innovative and socially proactive multilingual\nlearners who are responsible members of the global community and productive\nglobal citizens. We support learners to have their own national and spiritual values\nand develop respectful learners who understand that people have different values and\npoints of view.<br><\/p>\n<h5><span style=\"color: #2b2c36;\">Our Vision<\/span><\/h5>\n<p>To be an innovative, contemporary, constantly developing, international world school;<br>\nTo contribute positively to the future of our country and the world by raising wellequipped, caring and responsible young people.<br><\/p>\t\t\t\t\t\t<\/div>\n\t\t\t\t<\/div>\n\t\t\t\t\t<\/div>\n\t\t<\/div>\n\t\t\t\t\t<\/div>\n\t\t<\/section>\n\t\t\t\t<section class=\"elementor-section elementor-top-section elementor-element elementor-element-ce67b08 elementor-section-stretched elementor-section-boxed elementor-section-height-default elementor-section-height-default\" data-id=\"ce67b08\" data-element_type=\"section\" id=\"education\" data-settings=\"{&quot;stretch_section&quot;:&quot;section-stretched&quot;,&quot;background_background&quot;:&quot;classic&quot;,&quot;_ha_eqh_enable&quot;:false}\">\n\t\t\t\t\t\t<div class=\"elementor-container elementor-column-gap-default\">\n\t\t\t\t\t<div class=\"elementor-column elementor-col-50 elementor-top-column elementor-element elementor-element-985f0b5\" data-id=\"985f0b5\" data-element_type=\"column\">\n\t\t\t<div class=\"elementor-widget-wrap elementor-element-populated\">\n\t\t\t\t\t\t<div class=\"elementor-element elementor-element-34efd6c ha-align-left ha-layout-inline elementor-widget elementor-widget-ha-advanced-heading happy-addon ha-advanced-heading happy-addon-pro\" data-id=\"34efd6c\" data-element_type=\"widget\" data-widget_type=\"ha-advanced-heading.default\">\n\t\t\t\t<div class=\"elementor-widget-container\">\n\t\t\t\n\t\t<h2 class=\"ha-advanced-heading-tag\">\n\t\t\t\t\t\t<div class=\"ha-advanced-heading-wrap\" data-background-text=\"\">\n\t\t\t\t<span class=\"ha-advanced-heading-before\">Education Model<\/span>\n\t\t\t\t<span class=\"ha-advanced-heading-center\"><\/span>\n\t\t\t\t<span class=\"ha-advanced-heading-after\"><\/span>\n\t\t\t\t<span class=\"ha-advanced-heading-border\"><\/span>\n\t\t\t<\/div>\n\t\t\t\t\t<\/h2>\n\n\t\t\t\t<\/div>\n\t\t\t\t<\/div>\n\t\t\t\t<div class=\"elementor-element elementor-element-73dd41b elementor-widget elementor-widget-text-editor\" data-id=\"73dd41b\" data-element_type=\"widget\" data-widget_type=\"text-editor.default\">\n\t\t\t\t<div class=\"elementor-widget-container\">\n\t\t\t\t\t\t\t<div class=\"custom-heading-01\"><h5><span style=\"color: #2b2c36;\">OUR EDUCATION MODEL<\/span><\/h5><\/div><p><strong>As Gokkusagi Schools;<\/strong>\u00a0Our Education Model is the \u201cLIVING SCHOOL\u201d model, which aims to educate internationally conscious individuals who research, inquire, think, communicate, are informed, principled, open-minded, caring, risk takers, balanced, and reflective.<\/p><h5><span style=\"color: #2b2c36;\">OUR PHILOSOPHY OF EDUCATION<\/span><\/h5><p>At Gokkusagi Schools it is our main duty to ensure that our students who receive an education can fully benefit from our quality education services to reach their future goals. Total Quality Management is the responsibility of each employee working in our institution. It is ensured that this responsibility is fulfilled in an environment where innovation and development are encouraged in our institution, where self-development and renewal opportunities, support and encouragement are provided. Continuous improvement of quality is vital for us because we are determined to follow our vision of \u201cBeing a World School.\u201d Possible problems are followed up by the problem-solving teams and resolved by mutual evaluations. Gokkusagi Schools closely follows the developing and changing technology, and is in constant communication with the institutions and organizations that provide National Education and education services in every environment of education. The suitability of the quality of our services is under the guarantee of Gokkusagi Schools.<\/p>\t\t\t\t\t\t<\/div>\n\t\t\t\t<\/div>\n\t\t\t\t\t<\/div>\n\t\t<\/div>\n\t\t\t\t<div class=\"elementor-column elementor-col-50 elementor-top-column elementor-element elementor-element-aec172f\" data-id=\"aec172f\" data-element_type=\"column\">\n\t\t\t<div class=\"elementor-widget-wrap elementor-element-populated\">\n\t\t\t\t\t\t<div class=\"elementor-element elementor-element-16026c2 elementor-widget elementor-widget-image\" data-id=\"16026c2\" data-element_type=\"widget\" data-widget_type=\"image.default\">\n\t\t\t\t<div class=\"elementor-widget-container\">\n\t\t\t\t\t\t\t\t\t\t\t\t\t<img loading=\"lazy\" decoding=\"async\" width=\"340\" height=\"512\" src=\"https:\/\/gokkusagi.k12.tr\/wp-content\/uploads\/2023\/04\/Egitim-Modeli-1.jpg\" class=\"attachment-large size-large wp-image-2048\" alt=\"\" srcset=\"https:\/\/gokkusagi.k12.tr\/wp-content\/uploads\/2023\/04\/Egitim-Modeli-1.jpg 340w, https:\/\/gokkusagi.k12.tr\/wp-content\/uploads\/2023\/04\/Egitim-Modeli-1-199x300.jpg 199w, https:\/\/gokkusagi.k12.tr\/wp-content\/uploads\/2023\/04\/Egitim-Modeli-1-97x146.jpg 97w, https:\/\/gokkusagi.k12.tr\/wp-content\/uploads\/2023\/04\/Egitim-Modeli-1-33x50.jpg 33w, https:\/\/gokkusagi.k12.tr\/wp-content\/uploads\/2023\/04\/Egitim-Modeli-1-50x75.jpg 50w\" sizes=\"auto, (max-width: 340px) 100vw, 340px\" title=\"\">\t\t\t\t\t\t\t\t\t\t\t\t\t<\/div>\n\t\t\t\t<\/div>\n\t\t\t\t\t<\/div>\n\t\t<\/div>\n\t\t\t\t\t<\/div>\n\t\t<\/section>\n\t\t\t\t<section class=\"elementor-section elementor-top-section elementor-element elementor-element-b7d4fe1 elementor-section-stretched elementor-section-content-top elementor-section-boxed elementor-section-height-default elementor-section-height-default\" data-id=\"b7d4fe1\" data-element_type=\"section\" id=\"human\" data-settings=\"{&quot;stretch_section&quot;:&quot;section-stretched&quot;,&quot;background_background&quot;:&quot;classic&quot;,&quot;_ha_eqh_enable&quot;:false}\">\n\t\t\t\t\t\t<div class=\"elementor-container elementor-column-gap-default\">\n\t\t\t\t\t<div class=\"elementor-column elementor-col-50 elementor-top-column elementor-element elementor-element-76b6db0\" data-id=\"76b6db0\" data-element_type=\"column\">\n\t\t\t<div class=\"elementor-widget-wrap elementor-element-populated\">\n\t\t\t\t\t\t<div class=\"elementor-element elementor-element-7748f36 elementor-widget elementor-widget-image\" data-id=\"7748f36\" data-element_type=\"widget\" data-widget_type=\"image.default\">\n\t\t\t\t<div class=\"elementor-widget-container\">\n\t\t\t\t\t\t\t\t\t\t\t\t\t<img loading=\"lazy\" decoding=\"async\" width=\"365\" height=\"550\" src=\"https:\/\/gokkusagi.k12.tr\/wp-content\/uploads\/2023\/04\/insan-kaynaklari.webp\" class=\"attachment-full size-full wp-image-2046\" alt=\"\" srcset=\"https:\/\/gokkusagi.k12.tr\/wp-content\/uploads\/2023\/04\/insan-kaynaklari.webp 365w, https:\/\/gokkusagi.k12.tr\/wp-content\/uploads\/2023\/04\/insan-kaynaklari-199x300.webp 199w, https:\/\/gokkusagi.k12.tr\/wp-content\/uploads\/2023\/04\/insan-kaynaklari-97x146.webp 97w, https:\/\/gokkusagi.k12.tr\/wp-content\/uploads\/2023\/04\/insan-kaynaklari-33x50.webp 33w, https:\/\/gokkusagi.k12.tr\/wp-content\/uploads\/2023\/04\/insan-kaynaklari-50x75.webp 50w\" sizes=\"auto, (max-width: 365px) 100vw, 365px\" title=\"\">\t\t\t\t\t\t\t\t\t\t\t\t\t<\/div>\n\t\t\t\t<\/div>\n\t\t\t\t\t<\/div>\n\t\t<\/div>\n\t\t\t\t<div class=\"elementor-column elementor-col-50 elementor-top-column elementor-element elementor-element-a850255\" data-id=\"a850255\" data-element_type=\"column\">\n\t\t\t<div class=\"elementor-widget-wrap elementor-element-populated\">\n\t\t\t\t\t\t<div class=\"elementor-element elementor-element-ec10606 ha-align-left ha-layout-inline elementor-widget elementor-widget-ha-advanced-heading happy-addon ha-advanced-heading happy-addon-pro\" data-id=\"ec10606\" data-element_type=\"widget\" data-widget_type=\"ha-advanced-heading.default\">\n\t\t\t\t<div class=\"elementor-widget-container\">\n\t\t\t\n\t\t<h2 class=\"ha-advanced-heading-tag\">\n\t\t\t\t\t\t<div class=\"ha-advanced-heading-wrap\" data-background-text=\"\">\n\t\t\t\t<span class=\"ha-advanced-heading-before\">Human Resources<\/span>\n\t\t\t\t<span class=\"ha-advanced-heading-center\"><\/span>\n\t\t\t\t<span class=\"ha-advanced-heading-after\"><\/span>\n\t\t\t\t<span class=\"ha-advanced-heading-border\"><\/span>\n\t\t\t<\/div>\n\t\t\t\t\t<\/h2>\n\n\t\t\t\t<\/div>\n\t\t\t\t<\/div>\n\t\t\t\t<div class=\"elementor-element elementor-element-0a5b749 elementor-widget elementor-widget-text-editor\" data-id=\"0a5b749\" data-element_type=\"widget\" data-widget_type=\"text-editor.default\">\n\t\t\t\t<div class=\"elementor-widget-container\">\n\t\t\t\t\t\t\t<p>At Gokkusagi Schools, our priority is to educate our children with talented and high-potential candidates. If you would like to join the Gokkusagi Schools family, you can contact us through the following channels: <br \/><span style=\"color: #000000;\">Email: ik@gokkusagi.k12.tr\u00a0<\/span><br \/><span style=\"color: #000000;\">Yenibiris.com: <a href=\"https:\/\/www.yenibiris.com\/firma-ilan\/gokkusagi-koleji-istanbul\" rel=\"nofollow noopener\" target=\"_blank\">https:\/\/www.yenibiris.com\/firma-ilan\/gokkusagi-koleji-istanbul<\/a><\/span><br \/><span style=\"color: #000000;\">LinkedIn: <a class=\"oiM5sf zmZTPc\" dir=\"ltr\" style=\"color: #000000;\" href=\"https:\/\/www.linkedin.com\/school\/gokkusagikoleji\/\" target=\"_blank\" rel=\"noopener nofollow noreferrer\">https:\/\/www.linkedin.com\/school\/gokkusagikoleji\/<\/a><\/span> <br \/>You can use any of the communication channels above to submit your applications to us. We will carefully evaluate your applications and contact you for suitable positions. To the attention of job applicants; at Gokkusagi Schools, we adopt a fair and transparent approach in our recruitment process. We publish our own job postings only through the channels mentioned above, and we only accept applications through these channels.<\/p><p><a href=\"https:\/\/www.yenibiris.com\/firma-ilan\/gokkusagi-koleji-istanbul\" rel=\"nofollow noopener\" target=\"_blank\"><img loading=\"lazy\" decoding=\"async\" class=\"alignnone size-full wp-image-23668\" src=\"https:\/\/gokkusagi.k12.tr\/wp-content\/uploads\/yenibiris_logo.svg\" alt=\"\" width=\"243\" height=\"46\" title=\"\"><\/a><\/p>\t\t\t\t\t\t<\/div>\n\t\t\t\t<\/div>\n\t\t\t\t\t<\/div>\n\t\t<\/div>\n\t\t\t\t\t<\/div>\n\t\t<\/section>\n\t\t\t\t<\/div>\n\t\t","protected":false},"excerpt":{"rendered":"<p>FOUNDER&#8217;S MESSAGE For a quarter of a century, Gokkusagi Schools have been committed to education, deeply recognizing its pivotal role in shaping the transformation of individuals, societies, and the world. We bear the awareness that genuine progress can only be achieved through education. With our 29 years of experience and boundless enthusiasm, we provide a [&hellip;]<\/p>\n","protected":false},"author":1,"featured_media":0,"parent":0,"menu_order":0,"comment_status":"closed","ping_status":"closed","template":"","meta":{"_acf_changed":false,"footnotes":""},"class_list":["post-3509","page","type-page","status-publish","hentry"],"acf":[],"_links":{"self":[{"href":"https:\/\/gokkusagi.k12.tr\/en\/wp-json\/wp\/v2\/pages\/3509","targetHints":{"allow":["GET"]}}],"collection":[{"href":"https:\/\/gokkusagi.k12.tr\/en\/wp-json\/wp\/v2\/pages"}],"about":[{"href":"https:\/\/gokkusagi.k12.tr\/en\/wp-json\/wp\/v2\/types\/page"}],"author":[{"embeddable":true,"href":"https:\/\/gokkusagi.k12.tr\/en\/wp-json\/wp\/v2\/users\/1"}],"replies":[{"embeddable":true,"href":"https:\/\/gokkusagi.k12.tr\/en\/wp-json\/wp\/v2\/comments?post=3509"}],"version-history":[{"count":3,"href":"https:\/\/gokkusagi.k12.tr\/en\/wp-json\/wp\/v2\/pages\/3509\/revisions"}],"predecessor-version":[{"id":23681,"href":"https:\/\/gokkusagi.k12.tr\/en\/wp-json\/wp\/v2\/pages\/3509\/revisions\/23681"}],"wp:attachment":[{"href":"https:\/\/gokkusagi.k12.tr\/en\/wp-json\/wp\/v2\/media?parent=3509"}],"curies":[{"name":"wp","href":"https:\/\/api.w.org\/{rel}","templated":true}]}}